



{"id":10155,"date":"2025-12-25T06:11:44","date_gmt":"2025-12-25T06:11:44","guid":{"rendered":"https:\/\/pasteurstreet.com\/?page_id=10155\/"},"modified":"2026-01-15T08:25:53","modified_gmt":"2026-01-15T08:25:53","slug":"dat-ban","status":"publish","type":"page","link":"https:\/\/pasteurstreet.com\/vi\/dat-ban\/","title":{"rendered":"\u0110\u1eb7t b\u00e0n"},"content":{"rendered":"<div class=\"pscb-booking-form-container\">\n\t<form id=\"pscb-booking-form\" class=\"pscb-booking-form\" method=\"post\">\n\t\t<input type=\"hidden\" id=\"pscb_booking_nonce\" name=\"pscb_booking_nonce\" value=\"eecde68501\" \/><input type=\"hidden\" name=\"_wp_http_referer\" value=\"\/vi\/wp-json\/wp\/v2\/pages\/10155\" \/>\n\t\t<div class=\"pscb-form-title\">\n\t\t\t<h2>\u0110\u1eb7t b\u00e0n<\/h2>\n\t\t\t<span class=\"pscb-title-underline\"><\/span>\n\t\t<\/div>\n\n\t\t<div class=\"pscb-form-row\">\n\t\t\t<div class=\"pscb-form-group\">\n\t\t\t\t<label for=\"pscb-customer-name\" class=\"pscb-label\">\n\t\t\t\t\tH\u1ecd &amp; t\u00ean\t\t\t\t\t<span class=\"pscb-required\">*<\/span>\n\t\t\t\t<\/label>\n\t\t\t\t<input\n\t\t\t\t\ttype=\"text\"\n\t\t\t\t\tid=\"pscb-customer-name\"\n\t\t\t\t\tname=\"customer_name\"\n\t\t\t\t\tclass=\"pscb-input\"\n\t\t\t\t\trequired\n\t\t\t\t\/>\n\t\t\t<\/div>\n\t\t<\/div>\n\n\t\t<div class=\"pscb-form-row pscb-form-row-2\">\n\t\t\t<div class=\"pscb-form-group\">\n\t\t\t\t<label for=\"pscb-email\" class=\"pscb-label\">\n\t\t\t\t\tEmail\t\t\t\t\t<span class=\"pscb-required\">*<\/span>\n\t\t\t\t<\/label>\n\t\t\t\t<input\n\t\t\t\t\ttype=\"email\"\n\t\t\t\t\tid=\"pscb-email\"\n\t\t\t\t\tname=\"email\"\n\t\t\t\t\tclass=\"pscb-input\"\n\t\t\t\t\trequired\n\t\t\t\t\/>\n\t\t\t<\/div>\n\n\t\t\t<div class=\"pscb-form-group\">\n\t\t\t\t<label for=\"pscb-phone\" class=\"pscb-label\">\n\t\t\t\t\tS\u1ed1 \u0111i\u1ec7n tho\u1ea1i\t\t\t\t\t<span class=\"pscb-required\">*<\/span>\n\t\t\t\t<\/label>\n\t\t\t\t<input\n\t\t\t\t\ttype=\"tel\"\n\t\t\t\t\tid=\"pscb-phone\"\n\t\t\t\t\tname=\"phone\"\n\t\t\t\t\tclass=\"pscb-input\"\n\t\t\t\t\trequired\n\t\t\t\t\/>\n\t\t\t<\/div>\n\t\t<\/div>\n\n\t\t<div class=\"pscb-form-row pscb-form-row-2\">\n\t\t\t<div class=\"pscb-form-group\">\n\t\t\t\t<label for=\"pscb-guests\" class=\"pscb-label\">\n\t\t\t\t\tS\u1ed1 l\u01b0\u1ee3ng kh\u00e1ch\t\t\t\t\t<span class=\"pscb-required\">*<\/span>\n\t\t\t\t<\/label>\n\t\t\t\t<input\n\t\t\t\t\ttype=\"number\"\n\t\t\t\t\tid=\"pscb-guests\"\n\t\t\t\t\tname=\"guests\"\n\t\t\t\t\tclass=\"pscb-input\"\n\t\t\t\t\tmin=\"1\"\n\t\t\t\t\trequired\n\t\t\t\t\/>\n\t\t\t<\/div>\n\n\t\t\t<div class=\"pscb-form-group\">\n\t\t\t\t<label for=\"pscb-booking-datetime\" class=\"pscb-label\">\n\t\t\t\t\tNg\u00e0y \/ Gi\u1edd \u0111\u1eb7t b\u00e0n\t\t\t\t\t<span class=\"pscb-required\">*<\/span>\n\t\t\t\t<\/label>\n\t\t\t\t<input\n\t\t\t\t\ttype=\"datetime-local\"\n\t\t\t\t\tid=\"pscb-booking-datetime\"\n\t\t\t\t\tname=\"booking_datetime\"\n\t\t\t\t\tclass=\"pscb-input\"\n\t\t\t\t\trequired\n\t\t\t\t\/>\n\t\t\t<\/div>\n\t\t<\/div>\n\n\t\t<div class=\"pscb-form-row pscb-form-row-2\">\n\t\t\t<div class=\"pscb-form-group\">\n\t\t\t\t<label for=\"pscb-branch\" class=\"pscb-label\">\n\t\t\t\t\tChi nh\u00e1nh\t\t\t\t\t<span class=\"pscb-required\">*<\/span>\n\t\t\t\t<\/label>\n\t\t\t\t<select\n\t\t\t\t\tid=\"pscb-branch\"\n\t\t\t\t\tname=\"branch\"\n\t\t\t\t\tclass=\"pscb-select\"\n\t\t\t\t\trequired\n\t\t\t\t>\n\t\t\t\t\t<option value=\"\">-- Ch\u1ecdn chi nh\u00e1nh --<\/option>\n\t\t\t\t\t\t\t\t\t\t\t<option\n\t\t\t\t\t\t\tvalue=\"taproom-phu-my-hung\"\n\t\t\t\t\t\t\t\t\t\t\t\t\t>\n\t\t\t\t\t\t\tTaproom Ph\u00fa M\u1ef9 H\u01b0ng\t\t\t\t\t\t<\/option>\n\t\t\t\t\t\t\t\t\t\t\t<option\n\t\t\t\t\t\t\tvalue=\"taproom-cua-bac\"\n\t\t\t\t\t\t\t\t\t\t\t\t\t>\n\t\t\t\t\t\t\tTaproom C\u1eeda B\u1eafc\t\t\t\t\t\t<\/option>\n\t\t\t\t\t\t\t\t\t\t\t<option\n\t\t\t\t\t\t\tvalue=\"taproom-ngo-thoi-nhiem\"\n\t\t\t\t\t\t\t\t\t\t\t\t\t>\n\t\t\t\t\t\t\tTaproom Ng\u00f4 Th\u1eddi Nhi\u1ec7m\t\t\t\t\t\t<\/option>\n\t\t\t\t\t\t\t\t\t\t\t<option\n\t\t\t\t\t\t\tvalue=\"taproom-sala\"\n\t\t\t\t\t\t\t\t\t\t\t\t\t>\n\t\t\t\t\t\t\tTaproom Sala\t\t\t\t\t\t<\/option>\n\t\t\t\t\t\t\t\t\t\t\t<option\n\t\t\t\t\t\t\tvalue=\"taproom-thao-dien\"\n\t\t\t\t\t\t\t\t\t\t\t\t\t>\n\t\t\t\t\t\t\tTaproom Th\u1ea3o \u0110i\u1ec1n\t\t\t\t\t\t<\/option>\n\t\t\t\t\t\t\t\t\t\t\t<option\n\t\t\t\t\t\t\tvalue=\"taproom-hoang-sa\"\n\t\t\t\t\t\t\t\t\t\t\t\t\t>\n\t\t\t\t\t\t\tTaproom Ho\u00e0ng Sa\t\t\t\t\t\t<\/option>\n\t\t\t\t\t\t\t\t\t\t\t<option\n\t\t\t\t\t\t\tvalue=\"taproom-ly-tu-trong\"\n\t\t\t\t\t\t\t\t\t\t\t\t\t>\n\t\t\t\t\t\t\tTaproom L\u00fd T\u1ef1 Tr\u1ecdng\t\t\t\t\t\t<\/option>\n\t\t\t\t\t\t\t\t\t\t\t<option\n\t\t\t\t\t\t\tvalue=\"taproom-le-thanh-ton\"\n\t\t\t\t\t\t\t\t\t\t\t\t\t>\n\t\t\t\t\t\t\tTaproom L\u00ea Th\u00e1nh T\u00f4n\t\t\t\t\t\t<\/option>\n\t\t\t\t\t\t\t\t\t\t\t<option\n\t\t\t\t\t\t\tvalue=\"taproom-au-trieu\"\n\t\t\t\t\t\t\t\t\t\t\t\t\t>\n\t\t\t\t\t\t\tTaproom \u1ea4u Tri\u1ec7u\t\t\t\t\t\t<\/option>\n\t\t\t\t\t\t\t\t\t\t\t<option\n\t\t\t\t\t\t\tvalue=\"taproom-bui-thi-xuan\"\n\t\t\t\t\t\t\t\t\t\t\t\t\t>\n\t\t\t\t\t\t\tTaproom B\u00f9i Th\u1ecb Xu\u00e2n\t\t\t\t\t\t<\/option>\n\t\t\t\t\t\t\t\t\t\t\t<option\n\t\t\t\t\t\t\tvalue=\"taproom-original\"\n\t\t\t\t\t\t\t\t\t\t\t\t\t>\n\t\t\t\t\t\t\tTaproom Original\t\t\t\t\t\t<\/option>\n\t\t\t\t\t\t\t\t\t\t\t<option\n\t\t\t\t\t\t\tvalue=\"taproom-metropole\"\n\t\t\t\t\t\t\t\t\t\t\t\t\t>\n\t\t\t\t\t\t\tTaproom Metropole\t\t\t\t\t\t<\/option>\n\t\t\t\t\t\t\t\t\t\t\t<option\n\t\t\t\t\t\t\tvalue=\"taproom-bui-vien\"\n\t\t\t\t\t\t\t\t\t\t\t\t\t>\n\t\t\t\t\t\t\tTaproom Bu\u0300i Vi\u00ea\u0323n\t\t\t\t\t\t<\/option>\n\t\t\t\t\t\t\t\t\t\t\t<option\n\t\t\t\t\t\t\tvalue=\"taproom-nguyen-duc-canh\"\n\t\t\t\t\t\t\t\t\t\t\t\t\t>\n\t\t\t\t\t\t\tTaproom Nguy\u00ea\u0303n \u0110\u01b0\u0301c Ca\u0309nh\t\t\t\t\t\t<\/option>\n\t\t\t\t\t\t\t\t\t<\/select>\n\t\t\t<\/div>\n\n\t\t\t<div class=\"pscb-form-group\">\n\t\t\t\t<label for=\"pscb-table-type\" class=\"pscb-label\">\n\t\t\t\t\tLo\u1ea1i b\u00e0n\t\t\t\t<\/label>\n\t\t\t\t<select\n\t\t\t\t\tid=\"pscb-table-type\"\n\t\t\t\t\tname=\"table_type\"\n\t\t\t\t\tclass=\"pscb-select\"\n\t\t\t\t>\n\t\t\t\t\t<option value=\"\">-- Ch\u1ecdn lo\u1ea1i b\u00e0n --<\/option>\n\t\t\t\t\t\t\t\t\t\t\t<option value=\"trong-nha-may-lanh\">\n\t\t\t\t\t\t\tTrong nh\u00e0, m\u00e1y l\u1ea1nh\t\t\t\t\t\t<\/option>\n\t\t\t\t\t\t\t\t\t\t\t<option value=\"ngoai-troi\">\n\t\t\t\t\t\t\tNgo\u00e0i tr\u1eddi\t\t\t\t\t\t<\/option>\n\t\t\t\t\t\t\t\t\t\t\t<option value=\"ban-cao\">\n\t\t\t\t\t\t\tB\u00e0n cao\t\t\t\t\t\t<\/option>\n\t\t\t\t\t\t\t\t\t\t\t<option value=\"phong-rieng\">\n\t\t\t\t\t\t\tPh\u00f2ng ri\u00eang\t\t\t\t\t\t<\/option>\n\t\t\t\t\t\t\t\t\t\t\t<option value=\"ban-nhom-lon\">\n\t\t\t\t\t\t\tB\u00e0n nh\u00f3m l\u1edbn\t\t\t\t\t\t<\/option>\n\t\t\t\t\t\t\t\t\t<\/select>\n\t\t\t<\/div>\n\t\t<\/div>\n\n\t\t<div class=\"pscb-form-row\">\n\t\t\t<div class=\"pscb-form-group\">\n\t\t\t\t<label for=\"pscb-note\" class=\"pscb-label\">\n\t\t\t\t\tY\u00eau c\u1ea7u \u0111\u1eb7c bi\u1ec7t\t\t\t\t<\/label>\n\t\t\t\t<textarea\n\t\t\t\t\tid=\"pscb-note\"\n\t\t\t\t\tname=\"note\"\n\t\t\t\t\tplaceholder=\"(V\u00ed d\u1ee5: Trang tr\u00ed ti\u1ec7c ch\u1ee7 \u0111\u1ec1, Karaoke, M\u00e1y chi\u1ebfu, Ban nh\u1ea1c, DJ...)\"\n\t\t\t\t\tclass=\"pscb-textarea\"\n\t\t\t\t\trows=\"3\"\n\t\t\t\t><\/textarea>\n\t\t\t<\/div>\n\t\t<\/div>\n\t\t\t\t<input type=\"hidden\" name=\"language\" value=\"vi\">\n\n\t\t<div class=\"pscb-form-row\">\n\t\t\t<div class=\"pscb-form-group\">\n\t\t\t\t<button type=\"submit\" class=\"pscb-submit-btn\">\n\t\t\t\t\t\u0110\u1eb7t b\u00e0n\t\t\t\t<\/button>\n\t\t\t<\/div>\n\t\t<\/div>\n\n\t\t<div id=\"pscb-form-message\" class=\"pscb-form-message\" style=\"display: none;\"><\/div>\n\t<\/form>\n<\/div>\n\n<!-- Booking Success Popup Modal -->\n<div id=\"pscb-booking-popup\" class=\"pscb-popup-modal\" style=\"display: none;\">\n\t<div class=\"pscb-popup-overlay\"><\/div>\n\t<div class=\"pscb-popup-content\">\n\t\t<div class=\"pscb-popup-icon-wrapper\">\n\t\t\t<div class=\"pscb-popup-icon pscb-popup-icon-success\">\n\t\t\t\t<svg width=\"94\" height=\"94\" viewBox=\"0 0 94 94\" fill=\"none\" xmlns=\"http:\/\/www.w3.org\/2000\/svg\">\n\t\t\t\t\t<circle cx=\"47\" cy=\"47\" r=\"45\" fill=\"#4A821D\" stroke=\"white\" stroke-width=\"4\"\/>\n\t\t\t\t\t<path d=\"M30 48L41 59L64 36\" stroke=\"white\" stroke-width=\"4\" stroke-linecap=\"round\" stroke-linejoin=\"round\"\/>\n\t\t\t\t<\/svg>\n\t\t\t<\/div>\n\t\t<\/div>\n\t\t<h3 class=\"pscb-popup-title\">\u0110\u00c3 NH\u1eacN Y\u00caU C\u1ea6U \u0110\u1eb6T B\u00c0N!<\/h3>\n\t\t<div class=\"pscb-popup-separator\"><\/div>\n\t\t<p class=\"pscb-popup-message\">Ch\u00fang t\u00f4i s\u1ebd g\u1ecdi \u0111\u1ec3 x\u00e1c nh\u1eadn v\u1edbi b\u1ea1n trong v\u00f2ng 3 gi\u1edd t\u1edbi.<\/p>\n\t\t<div class=\"pscb-popup-buttons\">\n\t\t\t<button class=\"pscb-popup-button pscb-popup-button-primary\" onclick=\"window.location.href='https:\/\/pasteurstreet.com\/vi\/'\">\n\t\t\t\tTr\u1edf v\u1ec1 Trang ch\u1ee7\t\t\t<\/button>\n\t\t<\/div>\n\t\t\n\t\t<div class=\"pscb-popup-note\">\n\t\t\t<p>Tr\u1edf v\u1ec1 Trang ch\u1ee7 trong <span id=\"pscb-countdown\">5<\/span> gi\u00e2y<\/p>\n\t\t<\/div>\n\t<\/div>\n<\/div>\n\n<script src=\"https:\/\/www.google.com\/recaptcha\/api.js?render=6Lei1R4gAAAAAMS2RIWuy8JnZgaWMQ4KaDt3Kc3z\"><\/script>\n\n","protected":false},"excerpt":{"rendered":"","protected":false},"author":14,"featured_media":0,"parent":0,"menu_order":0,"comment_status":"closed","ping_status":"closed","template":"","meta":{"_lmt_disableupdate":"no","_lmt_disable":"","footnotes":""},"class_list":["post-10155","page","type-page","status-publish","hentry"],"yoast_head":"<!-- This site is optimized with the Yoast SEO plugin v27.4 - https:\/\/yoast.com\/product\/yoast-seo-wordpress\/ -->\n<title>\u0110\u1eb7t b\u00e0n - Pasteur Street Craft Beer | Bia Th\u1ee7 C\u00f4ng Ti\u00ean Phong T\u1ea1i Vi\u1ec7t Nam<\/title>\n<meta name=\"robots\" content=\"index, follow, max-snippet:-1, max-image-preview:large, max-video-preview:-1\" \/>\n<link rel=\"canonical\" href=\"https:\/\/pasteurstreet.com\/vi\/dat-ban\/\" \/>\n<meta property=\"og:locale\" content=\"vi_VN\" \/>\n<meta property=\"og:type\" content=\"article\" \/>\n<meta property=\"og:title\" content=\"\u0110\u1eb7t b\u00e0n - Pasteur Street Craft Beer | Bia Th\u1ee7 C\u00f4ng Ti\u00ean Phong T\u1ea1i Vi\u1ec7t Nam\" \/>\n<meta property=\"og:url\" content=\"https:\/\/pasteurstreet.com\/vi\/dat-ban\/\" \/>\n<meta property=\"og:site_name\" content=\"Pasteur Street Craft Beer | Bia Th\u1ee7 C\u00f4ng Ti\u00ean Phong T\u1ea1i Vi\u1ec7t Nam\" \/>\n<meta property=\"article:publisher\" content=\"https:\/\/www.facebook.com\/PasteurStreetBrewing\/\" \/>\n<meta property=\"article:modified_time\" content=\"2026-01-15T08:25:53+00:00\" \/>\n<meta name=\"twitter:card\" content=\"summary_large_image\" \/>\n<script type=\"application\/ld+json\" class=\"yoast-schema-graph\">{\"@context\":\"https:\\\/\\\/schema.org\",\"@graph\":[{\"@type\":\"WebPage\",\"@id\":\"https:\\\/\\\/pasteurstreet.com\\\/vi\\\/dat-ban\\\/\",\"url\":\"https:\\\/\\\/pasteurstreet.com\\\/vi\\\/dat-ban\\\/\",\"name\":\"\u0110\u1eb7t b\u00e0n - Pasteur Street Craft Beer | Bia Th\u1ee7 C\u00f4ng Ti\u00ean Phong T\u1ea1i Vi\u1ec7t Nam\",\"isPartOf\":{\"@id\":\"https:\\\/\\\/pasteurstreet.com\\\/vi\\\/#website\"},\"datePublished\":\"2025-12-25T06:11:44+00:00\",\"dateModified\":\"2026-01-15T08:25:53+00:00\",\"breadcrumb\":{\"@id\":\"https:\\\/\\\/pasteurstreet.com\\\/vi\\\/dat-ban\\\/#breadcrumb\"},\"inLanguage\":\"vi\",\"potentialAction\":[{\"@type\":\"ReadAction\",\"target\":[\"https:\\\/\\\/pasteurstreet.com\\\/vi\\\/dat-ban\\\/\"]}]},{\"@type\":\"BreadcrumbList\",\"@id\":\"https:\\\/\\\/pasteurstreet.com\\\/vi\\\/dat-ban\\\/#breadcrumb\",\"itemListElement\":[{\"@type\":\"ListItem\",\"position\":1,\"name\":\"Home\",\"item\":\"https:\\\/\\\/pasteurstreet.com\\\/vi\\\/\"},{\"@type\":\"ListItem\",\"position\":2,\"name\":\"\u0110\u1eb7t b\u00e0n\"}]},{\"@type\":\"WebSite\",\"@id\":\"https:\\\/\\\/pasteurstreet.com\\\/vi\\\/#website\",\"url\":\"https:\\\/\\\/pasteurstreet.com\\\/vi\\\/\",\"name\":\"Pasteur Street Craft Beer | Bia Th\u1ee7 C\u00f4ng Ti\u00ean Phong T\u1ea1i Vi\u1ec7t Nam\",\"description\":\"\",\"publisher\":{\"@id\":\"https:\\\/\\\/pasteurstreet.com\\\/vi\\\/#organization\"},\"potentialAction\":[{\"@type\":\"SearchAction\",\"target\":{\"@type\":\"EntryPoint\",\"urlTemplate\":\"https:\\\/\\\/pasteurstreet.com\\\/vi\\\/?s={search_term_string}\"},\"query-input\":{\"@type\":\"PropertyValueSpecification\",\"valueRequired\":true,\"valueName\":\"search_term_string\"}}],\"inLanguage\":\"vi\"},{\"@type\":\"Organization\",\"@id\":\"https:\\\/\\\/pasteurstreet.com\\\/vi\\\/#organization\",\"name\":\"Pasteur Street Brewing Company\",\"url\":\"https:\\\/\\\/pasteurstreet.com\\\/vi\\\/\",\"logo\":{\"@type\":\"ImageObject\",\"inLanguage\":\"vi\",\"@id\":\"https:\\\/\\\/pasteurstreet.com\\\/vi\\\/#\\\/schema\\\/logo\\\/image\\\/\",\"url\":\"https:\\\/\\\/pasteurstreet.com\\\/wp-content\\\/uploads\\\/logo-home.png\",\"contentUrl\":\"https:\\\/\\\/pasteurstreet.com\\\/wp-content\\\/uploads\\\/logo-home.png\",\"width\":292,\"height\":293,\"caption\":\"Pasteur Street Brewing Company\"},\"image\":{\"@id\":\"https:\\\/\\\/pasteurstreet.com\\\/vi\\\/#\\\/schema\\\/logo\\\/image\\\/\"},\"sameAs\":[\"https:\\\/\\\/www.facebook.com\\\/PasteurStreetBrewing\\\/\",\"https:\\\/\\\/www.instagram.com\\\/pasteurstreetbrewing\\\/\",\"https:\\\/\\\/www.linkedin.com\\\/company\\\/pasteur-street-brewing-company\",\"https:\\\/\\\/www.pinterest.com\\\/pasteurstreetbrewingco\\\/\",\"https:\\\/\\\/www.youtube.com\\\/channel\\\/UC_xPy7HTsecZ4CrGwArhuQQ\"]}]}<\/script>\n<!-- \/ Yoast SEO plugin. -->","yoast_head_json":{"title":"\u0110\u1eb7t b\u00e0n - Pasteur Street Craft Beer | Bia Th\u1ee7 C\u00f4ng Ti\u00ean Phong T\u1ea1i Vi\u1ec7t Nam","robots":{"index":"index","follow":"follow","max-snippet":"max-snippet:-1","max-image-preview":"max-image-preview:large","max-video-preview":"max-video-preview:-1"},"canonical":"https:\/\/pasteurstreet.com\/vi\/dat-ban\/","og_locale":"vi_VN","og_type":"article","og_title":"\u0110\u1eb7t b\u00e0n - Pasteur Street Craft Beer | Bia Th\u1ee7 C\u00f4ng Ti\u00ean Phong T\u1ea1i Vi\u1ec7t Nam","og_url":"https:\/\/pasteurstreet.com\/vi\/dat-ban\/","og_site_name":"Pasteur Street Craft Beer | Bia Th\u1ee7 C\u00f4ng Ti\u00ean Phong T\u1ea1i Vi\u1ec7t Nam","article_publisher":"https:\/\/www.facebook.com\/PasteurStreetBrewing\/","article_modified_time":"2026-01-15T08:25:53+00:00","twitter_card":"summary_large_image","schema":{"@context":"https:\/\/schema.org","@graph":[{"@type":"WebPage","@id":"https:\/\/pasteurstreet.com\/vi\/dat-ban\/","url":"https:\/\/pasteurstreet.com\/vi\/dat-ban\/","name":"\u0110\u1eb7t b\u00e0n - Pasteur Street Craft Beer | Bia Th\u1ee7 C\u00f4ng Ti\u00ean Phong T\u1ea1i Vi\u1ec7t Nam","isPartOf":{"@id":"https:\/\/pasteurstreet.com\/vi\/#website"},"datePublished":"2025-12-25T06:11:44+00:00","dateModified":"2026-01-15T08:25:53+00:00","breadcrumb":{"@id":"https:\/\/pasteurstreet.com\/vi\/dat-ban\/#breadcrumb"},"inLanguage":"vi","potentialAction":[{"@type":"ReadAction","target":["https:\/\/pasteurstreet.com\/vi\/dat-ban\/"]}]},{"@type":"BreadcrumbList","@id":"https:\/\/pasteurstreet.com\/vi\/dat-ban\/#breadcrumb","itemListElement":[{"@type":"ListItem","position":1,"name":"Home","item":"https:\/\/pasteurstreet.com\/vi\/"},{"@type":"ListItem","position":2,"name":"\u0110\u1eb7t b\u00e0n"}]},{"@type":"WebSite","@id":"https:\/\/pasteurstreet.com\/vi\/#website","url":"https:\/\/pasteurstreet.com\/vi\/","name":"Pasteur Street Craft Beer | Bia Th\u1ee7 C\u00f4ng Ti\u00ean Phong T\u1ea1i Vi\u1ec7t Nam","description":"","publisher":{"@id":"https:\/\/pasteurstreet.com\/vi\/#organization"},"potentialAction":[{"@type":"SearchAction","target":{"@type":"EntryPoint","urlTemplate":"https:\/\/pasteurstreet.com\/vi\/?s={search_term_string}"},"query-input":{"@type":"PropertyValueSpecification","valueRequired":true,"valueName":"search_term_string"}}],"inLanguage":"vi"},{"@type":"Organization","@id":"https:\/\/pasteurstreet.com\/vi\/#organization","name":"Pasteur Street Brewing Company","url":"https:\/\/pasteurstreet.com\/vi\/","logo":{"@type":"ImageObject","inLanguage":"vi","@id":"https:\/\/pasteurstreet.com\/vi\/#\/schema\/logo\/image\/","url":"https:\/\/pasteurstreet.com\/wp-content\/uploads\/logo-home.png","contentUrl":"https:\/\/pasteurstreet.com\/wp-content\/uploads\/logo-home.png","width":292,"height":293,"caption":"Pasteur Street Brewing Company"},"image":{"@id":"https:\/\/pasteurstreet.com\/vi\/#\/schema\/logo\/image\/"},"sameAs":["https:\/\/www.facebook.com\/PasteurStreetBrewing\/","https:\/\/www.instagram.com\/pasteurstreetbrewing\/","https:\/\/www.linkedin.com\/company\/pasteur-street-brewing-company","https:\/\/www.pinterest.com\/pasteurstreetbrewingco\/","https:\/\/www.youtube.com\/channel\/UC_xPy7HTsecZ4CrGwArhuQQ"]}]}},"_links":{"self":[{"href":"https:\/\/pasteurstreet.com\/vi\/wp-json\/wp\/v2\/pages\/10155","targetHints":{"allow":["GET"]}}],"collection":[{"href":"https:\/\/pasteurstreet.com\/vi\/wp-json\/wp\/v2\/pages"}],"about":[{"href":"https:\/\/pasteurstreet.com\/vi\/wp-json\/wp\/v2\/types\/page"}],"author":[{"embeddable":true,"href":"https:\/\/pasteurstreet.com\/vi\/wp-json\/wp\/v2\/users\/14"}],"replies":[{"embeddable":true,"href":"https:\/\/pasteurstreet.com\/vi\/wp-json\/wp\/v2\/comments?post=10155"}],"version-history":[{"count":1,"href":"https:\/\/pasteurstreet.com\/vi\/wp-json\/wp\/v2\/pages\/10155\/revisions"}],"predecessor-version":[{"id":10156,"href":"https:\/\/pasteurstreet.com\/vi\/wp-json\/wp\/v2\/pages\/10155\/revisions\/10156"}],"wp:attachment":[{"href":"https:\/\/pasteurstreet.com\/vi\/wp-json\/wp\/v2\/media?parent=10155"}],"curies":[{"name":"wp","href":"https:\/\/api.w.org\/{rel}","templated":true}]}}