



{"id":10453,"date":"2017-10-25T09:10:04","date_gmt":"2017-10-25T09:10:04","guid":{"rendered":"https:\/\/pasteurstreet.com\/pasteur-street-menu\/"},"modified":"2026-01-29T03:37:48","modified_gmt":"2026-01-29T03:37:48","slug":"pasteur-street-menu","status":"publish","type":"page","link":"https:\/\/pasteurstreet.com\/vi\/pasteur-street-menu\/","title":{"rendered":"Th\u1ef1c \u0111\u01a1n"},"content":{"rendered":"<h1 style=\"text-align: center;\"><strong>TH\u1ef0C \u0110\u01a0N NH\u00c0 H\u00c0NG 1<\/strong><\/h1>\n<p style=\"text-align: center;\">H\u00e0 N\u1ed9i: Taproom B\u00f9i Th\u1ecb Xu\u00e2n<br \/>\nTP. HCM: Taproom Ho\u00e0ng Sa<\/p>\n<p><img loading=\"lazy\" decoding=\"async\" class=\"alignnone size-full wp-image-10353\" src=\"https:\/\/pasteurstreet.com\/wp-content\/uploads\/MENU-HOANG-SA-images-1.jpg\" alt=\"\" width=\"4961\" height=\"3508\" srcset=\"https:\/\/pasteurstreet.com\/wp-content\/uploads\/MENU-HOANG-SA-images-1.jpg 4961w, https:\/\/pasteurstreet.com\/wp-content\/uploads\/MENU-HOANG-SA-images-1-768x543.jpg 768w, https:\/\/pasteurstreet.com\/wp-content\/uploads\/MENU-HOANG-SA-images-1-1536x1086.jpg 1536w, https:\/\/pasteurstreet.com\/wp-content\/uploads\/MENU-HOANG-SA-images-1-2048x1448.jpg 2048w, https:\/\/pasteurstreet.com\/wp-content\/uploads\/MENU-HOANG-SA-images-1-31x22.jpg 31w\" sizes=\"auto, (max-width: 4961px) 100vw, 4961px\" \/><\/a><\/p>\n<p><img loading=\"lazy\" decoding=\"async\" class=\"alignnone size-full wp-image-10352\" src=\"https:\/\/pasteurstreet.com\/wp-content\/uploads\/MENU-HOANG-SA-images-0.jpg\" alt=\"\" width=\"4961\" height=\"3508\" srcset=\"https:\/\/pasteurstreet.com\/wp-content\/uploads\/MENU-HOANG-SA-images-0.jpg 4961w, https:\/\/pasteurstreet.com\/wp-content\/uploads\/MENU-HOANG-SA-images-0-768x543.jpg 768w, https:\/\/pasteurstreet.com\/wp-content\/uploads\/MENU-HOANG-SA-images-0-1536x1086.jpg 1536w, https:\/\/pasteurstreet.com\/wp-content\/uploads\/MENU-HOANG-SA-images-0-2048x1448.jpg 2048w, https:\/\/pasteurstreet.com\/wp-content\/uploads\/MENU-HOANG-SA-images-0-31x22.jpg 31w\" sizes=\"auto, (max-width: 4961px) 100vw, 4961px\" \/><\/a><\/p>\n<h2><\/h2>\n<h1 style=\"text-align: center;\"><strong>TH\u1ef0C \u0110\u01a0N NH\u00c0 H\u00c0NG 2<\/strong><\/h1>\n<p style=\"text-align: center;\">H\u00e0 N\u1ed9i: Taproom \u1ea4u Tri\u1ec7u, C\u1eeda B\u1eafc<br \/>\nTP. HCM: Taproom Original, Th\u1ea3o \u0110i\u1ec1n, L\u00ea Th\u00e1nh T\u00f4n, Ng\u00f4 Th\u1eddi Nhi\u1ec7m, L\u00fd T\u1ef1 Tr\u1ecdng, Ph\u00fa M\u1ef9 H\u01b0ng, Sala, Metropole, B\u00f9i Vi\u1ec7n, Nguy\u1ec5n \u0110\u1ee9c C\u1ea3nh<\/p>\n<p>&nbsp;<\/p>\n<p><img loading=\"lazy\" decoding=\"async\" class=\"alignnone size-full wp-image-10436\" src=\"https:\/\/pasteurstreet.com\/wp-content\/uploads\/Menu-D2-144-Image_2.jpg\" alt=\"\" width=\"2215\" height=\"1535\" srcset=\"https:\/\/pasteurstreet.com\/wp-content\/uploads\/Menu-D2-144-Image_2.jpg 2215w, https:\/\/pasteurstreet.com\/wp-content\/uploads\/Menu-D2-144-Image_2-768x532.jpg 768w, https:\/\/pasteurstreet.com\/wp-content\/uploads\/Menu-D2-144-Image_2-1536x1064.jpg 1536w, https:\/\/pasteurstreet.com\/wp-content\/uploads\/Menu-D2-144-Image_2-2048x1419.jpg 2048w, https:\/\/pasteurstreet.com\/wp-content\/uploads\/Menu-D2-144-Image_2-31x21.jpg 31w\" sizes=\"auto, (max-width: 2215px) 100vw, 2215px\" \/><\/a> <img loading=\"lazy\" decoding=\"async\" class=\"alignnone size-full wp-image-10437\" src=\"https:\/\/pasteurstreet.com\/wp-content\/uploads\/Menu-D2-144-Image_3.jpg\" alt=\"\" width=\"2215\" height=\"1535\" srcset=\"https:\/\/pasteurstreet.com\/wp-content\/uploads\/Menu-D2-144-Image_3.jpg 2215w, https:\/\/pasteurstreet.com\/wp-content\/uploads\/Menu-D2-144-Image_3-768x532.jpg 768w, https:\/\/pasteurstreet.com\/wp-content\/uploads\/Menu-D2-144-Image_3-1536x1064.jpg 1536w, https:\/\/pasteurstreet.com\/wp-content\/uploads\/Menu-D2-144-Image_3-2048x1419.jpg 2048w, https:\/\/pasteurstreet.com\/wp-content\/uploads\/Menu-D2-144-Image_3-31x21.jpg 31w\" sizes=\"auto, (max-width: 2215px) 100vw, 2215px\" \/><\/a> <img loading=\"lazy\" decoding=\"async\" class=\"alignnone size-full wp-image-10438\" src=\"https:\/\/pasteurstreet.com\/wp-content\/uploads\/Menu-D2-144-Image_4.jpg\" alt=\"\" width=\"2126\" height=\"1535\" srcset=\"https:\/\/pasteurstreet.com\/wp-content\/uploads\/Menu-D2-144-Image_4.jpg 2126w, https:\/\/pasteurstreet.com\/wp-content\/uploads\/Menu-D2-144-Image_4-768x555.jpg 768w, https:\/\/pasteurstreet.com\/wp-content\/uploads\/Menu-D2-144-Image_4-1536x1109.jpg 1536w, https:\/\/pasteurstreet.com\/wp-content\/uploads\/Menu-D2-144-Image_4-2048x1479.jpg 2048w, https:\/\/pasteurstreet.com\/wp-content\/uploads\/Menu-D2-144-Image_4-31x22.jpg 31w\" sizes=\"auto, (max-width: 2126px) 100vw, 2126px\" \/><\/a> <img loading=\"lazy\" decoding=\"async\" class=\"alignnone size-medium wp-image-10439\" src=\"https:\/\/pasteurstreet.com\/wp-content\/uploads\/Menu-D2-144-Image_5.jpg\" alt=\"\" width=\"2126\" height=\"1535\" srcset=\"https:\/\/pasteurstreet.com\/wp-content\/uploads\/Menu-D2-144-Image_5.jpg 2126w, https:\/\/pasteurstreet.com\/wp-content\/uploads\/Menu-D2-144-Image_5-768x555.jpg 768w, https:\/\/pasteurstreet.com\/wp-content\/uploads\/Menu-D2-144-Image_5-1536x1109.jpg 1536w, https:\/\/pasteurstreet.com\/wp-content\/uploads\/Menu-D2-144-Image_5-2048x1479.jpg 2048w, https:\/\/pasteurstreet.com\/wp-content\/uploads\/Menu-D2-144-Image_5-31x22.jpg 31w\" sizes=\"auto, (max-width: 2126px) 100vw, 2126px\" \/><\/a> <img loading=\"lazy\" decoding=\"async\" class=\"alignnone size-medium wp-image-10440\" src=\"https:\/\/pasteurstreet.com\/wp-content\/uploads\/Menu-D2-144-Image_6.jpg\" alt=\"\" width=\"2126\" height=\"1535\" srcset=\"https:\/\/pasteurstreet.com\/wp-content\/uploads\/Menu-D2-144-Image_6.jpg 2126w, https:\/\/pasteurstreet.com\/wp-content\/uploads\/Menu-D2-144-Image_6-768x555.jpg 768w, https:\/\/pasteurstreet.com\/wp-content\/uploads\/Menu-D2-144-Image_6-1536x1109.jpg 1536w, https:\/\/pasteurstreet.com\/wp-content\/uploads\/Menu-D2-144-Image_6-2048x1479.jpg 2048w, https:\/\/pasteurstreet.com\/wp-content\/uploads\/Menu-D2-144-Image_6-31x22.jpg 31w\" sizes=\"auto, (max-width: 2126px) 100vw, 2126px\" \/><\/a> <img loading=\"lazy\" decoding=\"async\" class=\"alignnone size-medium wp-image-10441\" src=\"https:\/\/pasteurstreet.com\/wp-content\/uploads\/Menu-D2-144-Image_7.jpg\" alt=\"\" width=\"2215\" height=\"1535\" srcset=\"https:\/\/pasteurstreet.com\/wp-content\/uploads\/Menu-D2-144-Image_7.jpg 2215w, https:\/\/pasteurstreet.com\/wp-content\/uploads\/Menu-D2-144-Image_7-768x532.jpg 768w, https:\/\/pasteurstreet.com\/wp-content\/uploads\/Menu-D2-144-Image_7-1536x1064.jpg 1536w, https:\/\/pasteurstreet.com\/wp-content\/uploads\/Menu-D2-144-Image_7-2048x1419.jpg 2048w, https:\/\/pasteurstreet.com\/wp-content\/uploads\/Menu-D2-144-Image_7-31x21.jpg 31w\" sizes=\"auto, (max-width: 2215px) 100vw, 2215px\" \/><\/a> <img loading=\"lazy\" decoding=\"async\" class=\"alignnone size-medium wp-image-10442\" src=\"https:\/\/pasteurstreet.com\/wp-content\/uploads\/Menu-D2-144-Image_8.jpg\" alt=\"\" width=\"2303\" height=\"1535\" srcset=\"https:\/\/pasteurstreet.com\/wp-content\/uploads\/Menu-D2-144-Image_8.jpg 2303w, https:\/\/pasteurstreet.com\/wp-content\/uploads\/Menu-D2-144-Image_8-768x512.jpg 768w, https:\/\/pasteurstreet.com\/wp-content\/uploads\/Menu-D2-144-Image_8-1536x1024.jpg 1536w, https:\/\/pasteurstreet.com\/wp-content\/uploads\/Menu-D2-144-Image_8-2048x1365.jpg 2048w, https:\/\/pasteurstreet.com\/wp-content\/uploads\/Menu-D2-144-Image_8-31x21.jpg 31w\" sizes=\"auto, (max-width: 2303px) 100vw, 2303px\" \/><\/a> <img loading=\"lazy\" decoding=\"async\" class=\"alignnone size-medium wp-image-10443\" src=\"https:\/\/pasteurstreet.com\/wp-content\/uploads\/Menu-D2-144-Image_9.jpg\" alt=\"\" width=\"2303\" height=\"1535\" srcset=\"https:\/\/pasteurstreet.com\/wp-content\/uploads\/Menu-D2-144-Image_9.jpg 2303w, https:\/\/pasteurstreet.com\/wp-content\/uploads\/Menu-D2-144-Image_9-768x512.jpg 768w, https:\/\/pasteurstreet.com\/wp-content\/uploads\/Menu-D2-144-Image_9-1536x1024.jpg 1536w, https:\/\/pasteurstreet.com\/wp-content\/uploads\/Menu-D2-144-Image_9-2048x1365.jpg 2048w, https:\/\/pasteurstreet.com\/wp-content\/uploads\/Menu-D2-144-Image_9-31x21.jpg 31w\" sizes=\"auto, (max-width: 2303px) 100vw, 2303px\" \/><\/a> <img loading=\"lazy\" decoding=\"async\" class=\"alignnone size-medium wp-image-10444\" src=\"https:\/\/pasteurstreet.com\/wp-content\/uploads\/Menu-D2-144-Image_10.jpg\" alt=\"\" width=\"2303\" height=\"1535\" srcset=\"https:\/\/pasteurstreet.com\/wp-content\/uploads\/Menu-D2-144-Image_10.jpg 2303w, https:\/\/pasteurstreet.com\/wp-content\/uploads\/Menu-D2-144-Image_10-768x512.jpg 768w, https:\/\/pasteurstreet.com\/wp-content\/uploads\/Menu-D2-144-Image_10-1536x1024.jpg 1536w, https:\/\/pasteurstreet.com\/wp-content\/uploads\/Menu-D2-144-Image_10-2048x1365.jpg 2048w, https:\/\/pasteurstreet.com\/wp-content\/uploads\/Menu-D2-144-Image_10-31x21.jpg 31w\" sizes=\"auto, (max-width: 2303px) 100vw, 2303px\" \/><\/a> <img loading=\"lazy\" decoding=\"async\" class=\"alignnone size-medium wp-image-10445\" src=\"https:\/\/pasteurstreet.com\/wp-content\/uploads\/Menu-D2-144-Image_11.jpg\" alt=\"\" width=\"2215\" height=\"1535\" srcset=\"https:\/\/pasteurstreet.com\/wp-content\/uploads\/Menu-D2-144-Image_11.jpg 2215w, https:\/\/pasteurstreet.com\/wp-content\/uploads\/Menu-D2-144-Image_11-768x532.jpg 768w, https:\/\/pasteurstreet.com\/wp-content\/uploads\/Menu-D2-144-Image_11-1536x1064.jpg 1536w, https:\/\/pasteurstreet.com\/wp-content\/uploads\/Menu-D2-144-Image_11-2048x1419.jpg 2048w, https:\/\/pasteurstreet.com\/wp-content\/uploads\/Menu-D2-144-Image_11-31x21.jpg 31w\" sizes=\"auto, (max-width: 2215px) 100vw, 2215px\" \/><\/a> <img loading=\"lazy\" decoding=\"async\" class=\"alignnone size-medium wp-image-10446\" src=\"https:\/\/pasteurstreet.com\/wp-content\/uploads\/Menu-D2-144-Image_12.jpg\" alt=\"\" width=\"2126\" height=\"1535\" srcset=\"https:\/\/pasteurstreet.com\/wp-content\/uploads\/Menu-D2-144-Image_12.jpg 2126w, https:\/\/pasteurstreet.com\/wp-content\/uploads\/Menu-D2-144-Image_12-768x555.jpg 768w, https:\/\/pasteurstreet.com\/wp-content\/uploads\/Menu-D2-144-Image_12-1536x1109.jpg 1536w, https:\/\/pasteurstreet.com\/wp-content\/uploads\/Menu-D2-144-Image_12-2048x1479.jpg 2048w, https:\/\/pasteurstreet.com\/wp-content\/uploads\/Menu-D2-144-Image_12-31x22.jpg 31w\" sizes=\"auto, (max-width: 2126px) 100vw, 2126px\" \/><\/a> <img loading=\"lazy\" decoding=\"async\" class=\"alignnone size-medium wp-image-10447\" src=\"https:\/\/pasteurstreet.com\/wp-content\/uploads\/Menu-D2-144-Image_13.jpg\" alt=\"\" width=\"2126\" height=\"1535\" srcset=\"https:\/\/pasteurstreet.com\/wp-content\/uploads\/Menu-D2-144-Image_13.jpg 2126w, https:\/\/pasteurstreet.com\/wp-content\/uploads\/Menu-D2-144-Image_13-768x555.jpg 768w, https:\/\/pasteurstreet.com\/wp-content\/uploads\/Menu-D2-144-Image_13-1536x1109.jpg 1536w, https:\/\/pasteurstreet.com\/wp-content\/uploads\/Menu-D2-144-Image_13-2048x1479.jpg 2048w, https:\/\/pasteurstreet.com\/wp-content\/uploads\/Menu-D2-144-Image_13-31x22.jpg 31w\" sizes=\"auto, (max-width: 2126px) 100vw, 2126px\" \/><\/a> <img loading=\"lazy\" decoding=\"async\" class=\"alignnone size-medium wp-image-10448\" src=\"https:\/\/pasteurstreet.com\/wp-content\/uploads\/Menu-D2-144-Image_14.jpg\" alt=\"\" width=\"2126\" height=\"1535\" srcset=\"https:\/\/pasteurstreet.com\/wp-content\/uploads\/Menu-D2-144-Image_14.jpg 2126w, https:\/\/pasteurstreet.com\/wp-content\/uploads\/Menu-D2-144-Image_14-768x555.jpg 768w, https:\/\/pasteurstreet.com\/wp-content\/uploads\/Menu-D2-144-Image_14-1536x1109.jpg 1536w, https:\/\/pasteurstreet.com\/wp-content\/uploads\/Menu-D2-144-Image_14-2048x1479.jpg 2048w, https:\/\/pasteurstreet.com\/wp-content\/uploads\/Menu-D2-144-Image_14-31x22.jpg 31w\" sizes=\"auto, (max-width: 2126px) 100vw, 2126px\" \/><\/a> <img loading=\"lazy\" decoding=\"async\" class=\"alignnone size-medium wp-image-10449\" src=\"https:\/\/pasteurstreet.com\/wp-content\/uploads\/Menu-D2-144-Image_15.jpg\" alt=\"\" width=\"2215\" height=\"1535\" srcset=\"https:\/\/pasteurstreet.com\/wp-content\/uploads\/Menu-D2-144-Image_15.jpg 2215w, https:\/\/pasteurstreet.com\/wp-content\/uploads\/Menu-D2-144-Image_15-768x532.jpg 768w, https:\/\/pasteurstreet.com\/wp-content\/uploads\/Menu-D2-144-Image_15-1536x1064.jpg 1536w, https:\/\/pasteurstreet.com\/wp-content\/uploads\/Menu-D2-144-Image_15-2048x1419.jpg 2048w, https:\/\/pasteurstreet.com\/wp-content\/uploads\/Menu-D2-144-Image_15-31x21.jpg 31w\" sizes=\"auto, (max-width: 2215px) 100vw, 2215px\" \/><\/a> <img loading=\"lazy\" decoding=\"async\" class=\"alignnone size-medium wp-image-10450\" src=\"https:\/\/pasteurstreet.com\/wp-content\/uploads\/Menu-D2-144-Image_16.jpg\" alt=\"\" width=\"2215\" height=\"1535\" srcset=\"https:\/\/pasteurstreet.com\/wp-content\/uploads\/Menu-D2-144-Image_16.jpg 2215w, https:\/\/pasteurstreet.com\/wp-content\/uploads\/Menu-D2-144-Image_16-768x532.jpg 768w, https:\/\/pasteurstreet.com\/wp-content\/uploads\/Menu-D2-144-Image_16-1536x1064.jpg 1536w, https:\/\/pasteurstreet.com\/wp-content\/uploads\/Menu-D2-144-Image_16-2048x1419.jpg 2048w, https:\/\/pasteurstreet.com\/wp-content\/uploads\/Menu-D2-144-Image_16-31x21.jpg 31w\" sizes=\"auto, (max-width: 2215px) 100vw, 2215px\" \/><\/a> <img loading=\"lazy\" decoding=\"async\" class=\"alignnone size-medium wp-image-10451\" src=\"https:\/\/pasteurstreet.com\/wp-content\/uploads\/Menu-D2-144-Image_17.jpg\" alt=\"\" width=\"2126\" height=\"1535\" srcset=\"https:\/\/pasteurstreet.com\/wp-content\/uploads\/Menu-D2-144-Image_17.jpg 2126w, https:\/\/pasteurstreet.com\/wp-content\/uploads\/Menu-D2-144-Image_17-768x555.jpg 768w, https:\/\/pasteurstreet.com\/wp-content\/uploads\/Menu-D2-144-Image_17-1536x1109.jpg 1536w, https:\/\/pasteurstreet.com\/wp-content\/uploads\/Menu-D2-144-Image_17-2048x1479.jpg 2048w, https:\/\/pasteurstreet.com\/wp-content\/uploads\/Menu-D2-144-Image_17-31x22.jpg 31w\" sizes=\"auto, (max-width: 2126px) 100vw, 2126px\" \/><\/a><\/p>\n","protected":false},"excerpt":{"rendered":"<p>TH\u1ef0C \u0110\u01a0N NH\u00c0 H\u00c0NG 1 H\u00e0 N\u1ed9i: Taproom B\u00f9i Th\u1ecb Xu\u00e2n TP. HCM: Taproom Ho\u00e0ng Sa TH\u1ef0C \u0110\u01a0N NH\u00c0 H\u00c0NG 2 H\u00e0 N\u1ed9i: Taproom \u1ea4u Tri\u1ec7u, C\u1eeda B\u1eafc TP. HCM: Taproom Original, Th\u1ea3o \u0110i\u1ec1n, L\u00ea Th\u00e1nh T\u00f4n, Ng\u00f4 Th\u1eddi Nhi\u1ec7m, L\u00fd T\u1ef1 Tr\u1ecdng, Ph\u00fa M\u1ef9 H\u01b0ng, Sala, Metropole, B\u00f9i Vi\u1ec7n, Nguy\u1ec5n \u0110\u1ee9c C\u1ea3nh &nbsp;<\/p>\n","protected":false},"author":3,"featured_media":0,"parent":0,"menu_order":0,"comment_status":"open","ping_status":"closed","template":"","meta":{"_lmt_disableupdate":"no","_lmt_disable":"","footnotes":""},"class_list":["post-10453","page","type-page","status-publish","hentry"],"yoast_head":"<!-- This site is optimized with the Yoast SEO plugin v27.4 - https:\/\/yoast.com\/product\/yoast-seo-wordpress\/ -->\n<title>Th\u1ef1c \u0111\u01a1n - Pasteur Street Craft Beer | Bia Th\u1ee7 C\u00f4ng Ti\u00ean Phong T\u1ea1i Vi\u1ec7t Nam<\/title>\n<meta name=\"description\" content=\"Xem ngay th\u1ef1c \u0111\u01a1n t\u1ea1i Taproom c\u1ee7a ch\u00fang t\u00f4i! Li\u00ean h\u1ec7 tr\u01b0\u1edbc v\u1edbi Taproom b\u1ea1n s\u1ebd gh\u00e9 \u0111\u1ebfn n\u1ebfu b\u1ea1n c\u1ea7n b\u1ea3n th\u1ef1c \u0111\u01a1n ch\u00ednh x\u00e1c nh\u1ea5t.\" \/>\n<meta name=\"robots\" content=\"index, follow, max-snippet:-1, max-image-preview:large, max-video-preview:-1\" \/>\n<link rel=\"canonical\" href=\"https:\/\/pasteurstreet.com\/vi\/pasteur-street-menu\/\" \/>\n<meta property=\"og:locale\" content=\"vi_VN\" \/>\n<meta property=\"og:type\" content=\"article\" \/>\n<meta property=\"og:title\" content=\"Th\u1ef1c \u0111\u01a1n - Pasteur Street Craft Beer | Bia Th\u1ee7 C\u00f4ng Ti\u00ean Phong T\u1ea1i Vi\u1ec7t Nam\" \/>\n<meta property=\"og:description\" content=\"Xem ngay th\u1ef1c \u0111\u01a1n t\u1ea1i Taproom c\u1ee7a ch\u00fang t\u00f4i! Li\u00ean h\u1ec7 tr\u01b0\u1edbc v\u1edbi Taproom b\u1ea1n s\u1ebd gh\u00e9 \u0111\u1ebfn n\u1ebfu b\u1ea1n c\u1ea7n b\u1ea3n th\u1ef1c \u0111\u01a1n ch\u00ednh x\u00e1c nh\u1ea5t.\" \/>\n<meta property=\"og:url\" content=\"https:\/\/pasteurstreet.com\/vi\/pasteur-street-menu\/\" \/>\n<meta property=\"og:site_name\" content=\"Pasteur Street Craft Beer | Bia Th\u1ee7 C\u00f4ng Ti\u00ean Phong T\u1ea1i Vi\u1ec7t Nam\" \/>\n<meta property=\"article:publisher\" content=\"https:\/\/www.facebook.com\/PasteurStreetBrewing\/\" \/>\n<meta property=\"article:modified_time\" content=\"2026-01-29T03:37:48+00:00\" \/>\n<meta property=\"og:image\" content=\"https:\/\/pasteurstreet.com\/wp-content\/uploads\/MENU-HOANG-SA-images-1.jpg\" \/>\n<meta name=\"twitter:card\" content=\"summary_large_image\" \/>\n<script type=\"application\/ld+json\" class=\"yoast-schema-graph\">{\"@context\":\"https:\\\/\\\/schema.org\",\"@graph\":[{\"@type\":\"WebPage\",\"@id\":\"https:\\\/\\\/pasteurstreet.com\\\/vi\\\/pasteur-street-menu\\\/\",\"url\":\"https:\\\/\\\/pasteurstreet.com\\\/vi\\\/pasteur-street-menu\\\/\",\"name\":\"Th\u1ef1c \u0111\u01a1n - Pasteur Street Craft Beer | Bia Th\u1ee7 C\u00f4ng Ti\u00ean Phong T\u1ea1i Vi\u1ec7t Nam\",\"isPartOf\":{\"@id\":\"https:\\\/\\\/pasteurstreet.com\\\/vi\\\/#website\"},\"primaryImageOfPage\":{\"@id\":\"https:\\\/\\\/pasteurstreet.com\\\/vi\\\/pasteur-street-menu\\\/#primaryimage\"},\"image\":{\"@id\":\"https:\\\/\\\/pasteurstreet.com\\\/vi\\\/pasteur-street-menu\\\/#primaryimage\"},\"thumbnailUrl\":\"https:\\\/\\\/pasteurstreet.com\\\/wp-content\\\/uploads\\\/MENU-HOANG-SA-images-1.jpg\",\"datePublished\":\"2017-10-25T09:10:04+00:00\",\"dateModified\":\"2026-01-29T03:37:48+00:00\",\"description\":\"Xem ngay th\u1ef1c \u0111\u01a1n t\u1ea1i Taproom c\u1ee7a ch\u00fang t\u00f4i! Li\u00ean h\u1ec7 tr\u01b0\u1edbc v\u1edbi Taproom b\u1ea1n s\u1ebd gh\u00e9 \u0111\u1ebfn n\u1ebfu b\u1ea1n c\u1ea7n b\u1ea3n th\u1ef1c \u0111\u01a1n ch\u00ednh x\u00e1c nh\u1ea5t.\",\"breadcrumb\":{\"@id\":\"https:\\\/\\\/pasteurstreet.com\\\/vi\\\/pasteur-street-menu\\\/#breadcrumb\"},\"inLanguage\":\"vi\",\"potentialAction\":[{\"@type\":\"ReadAction\",\"target\":[\"https:\\\/\\\/pasteurstreet.com\\\/vi\\\/pasteur-street-menu\\\/\"]}]},{\"@type\":\"ImageObject\",\"inLanguage\":\"vi\",\"@id\":\"https:\\\/\\\/pasteurstreet.com\\\/vi\\\/pasteur-street-menu\\\/#primaryimage\",\"url\":\"https:\\\/\\\/pasteurstreet.com\\\/wp-content\\\/uploads\\\/MENU-HOANG-SA-images-1.jpg\",\"contentUrl\":\"https:\\\/\\\/pasteurstreet.com\\\/wp-content\\\/uploads\\\/MENU-HOANG-SA-images-1.jpg\"},{\"@type\":\"BreadcrumbList\",\"@id\":\"https:\\\/\\\/pasteurstreet.com\\\/vi\\\/pasteur-street-menu\\\/#breadcrumb\",\"itemListElement\":[{\"@type\":\"ListItem\",\"position\":1,\"name\":\"Home\",\"item\":\"https:\\\/\\\/pasteurstreet.com\\\/vi\\\/\"},{\"@type\":\"ListItem\",\"position\":2,\"name\":\"Th\u1ef1c \u0111\u01a1n\"}]},{\"@type\":\"WebSite\",\"@id\":\"https:\\\/\\\/pasteurstreet.com\\\/vi\\\/#website\",\"url\":\"https:\\\/\\\/pasteurstreet.com\\\/vi\\\/\",\"name\":\"Pasteur Street Craft Beer | Bia Th\u1ee7 C\u00f4ng Ti\u00ean Phong T\u1ea1i Vi\u1ec7t Nam\",\"description\":\"\",\"publisher\":{\"@id\":\"https:\\\/\\\/pasteurstreet.com\\\/vi\\\/#organization\"},\"potentialAction\":[{\"@type\":\"SearchAction\",\"target\":{\"@type\":\"EntryPoint\",\"urlTemplate\":\"https:\\\/\\\/pasteurstreet.com\\\/vi\\\/?s={search_term_string}\"},\"query-input\":{\"@type\":\"PropertyValueSpecification\",\"valueRequired\":true,\"valueName\":\"search_term_string\"}}],\"inLanguage\":\"vi\"},{\"@type\":\"Organization\",\"@id\":\"https:\\\/\\\/pasteurstreet.com\\\/vi\\\/#organization\",\"name\":\"Pasteur Street Brewing Company\",\"url\":\"https:\\\/\\\/pasteurstreet.com\\\/vi\\\/\",\"logo\":{\"@type\":\"ImageObject\",\"inLanguage\":\"vi\",\"@id\":\"https:\\\/\\\/pasteurstreet.com\\\/vi\\\/#\\\/schema\\\/logo\\\/image\\\/\",\"url\":\"https:\\\/\\\/pasteurstreet.com\\\/wp-content\\\/uploads\\\/logo-home.png\",\"contentUrl\":\"https:\\\/\\\/pasteurstreet.com\\\/wp-content\\\/uploads\\\/logo-home.png\",\"width\":292,\"height\":293,\"caption\":\"Pasteur Street Brewing Company\"},\"image\":{\"@id\":\"https:\\\/\\\/pasteurstreet.com\\\/vi\\\/#\\\/schema\\\/logo\\\/image\\\/\"},\"sameAs\":[\"https:\\\/\\\/www.facebook.com\\\/PasteurStreetBrewing\\\/\",\"https:\\\/\\\/www.instagram.com\\\/pasteurstreetbrewing\\\/\",\"https:\\\/\\\/www.linkedin.com\\\/company\\\/pasteur-street-brewing-company\",\"https:\\\/\\\/www.pinterest.com\\\/pasteurstreetbrewingco\\\/\",\"https:\\\/\\\/www.youtube.com\\\/channel\\\/UC_xPy7HTsecZ4CrGwArhuQQ\"]}]}<\/script>\n<!-- \/ Yoast SEO plugin. -->","yoast_head_json":{"title":"Th\u1ef1c \u0111\u01a1n - Pasteur Street Craft Beer | Bia Th\u1ee7 C\u00f4ng Ti\u00ean Phong T\u1ea1i Vi\u1ec7t Nam","description":"Xem ngay th\u1ef1c \u0111\u01a1n t\u1ea1i Taproom c\u1ee7a ch\u00fang t\u00f4i! Li\u00ean h\u1ec7 tr\u01b0\u1edbc v\u1edbi Taproom b\u1ea1n s\u1ebd gh\u00e9 \u0111\u1ebfn n\u1ebfu b\u1ea1n c\u1ea7n b\u1ea3n th\u1ef1c \u0111\u01a1n ch\u00ednh x\u00e1c nh\u1ea5t.","robots":{"index":"index","follow":"follow","max-snippet":"max-snippet:-1","max-image-preview":"max-image-preview:large","max-video-preview":"max-video-preview:-1"},"canonical":"https:\/\/pasteurstreet.com\/vi\/pasteur-street-menu\/","og_locale":"vi_VN","og_type":"article","og_title":"Th\u1ef1c \u0111\u01a1n - Pasteur Street Craft Beer | Bia Th\u1ee7 C\u00f4ng Ti\u00ean Phong T\u1ea1i Vi\u1ec7t Nam","og_description":"Xem ngay th\u1ef1c \u0111\u01a1n t\u1ea1i Taproom c\u1ee7a ch\u00fang t\u00f4i! Li\u00ean h\u1ec7 tr\u01b0\u1edbc v\u1edbi Taproom b\u1ea1n s\u1ebd gh\u00e9 \u0111\u1ebfn n\u1ebfu b\u1ea1n c\u1ea7n b\u1ea3n th\u1ef1c \u0111\u01a1n ch\u00ednh x\u00e1c nh\u1ea5t.","og_url":"https:\/\/pasteurstreet.com\/vi\/pasteur-street-menu\/","og_site_name":"Pasteur Street Craft Beer | Bia Th\u1ee7 C\u00f4ng Ti\u00ean Phong T\u1ea1i Vi\u1ec7t Nam","article_publisher":"https:\/\/www.facebook.com\/PasteurStreetBrewing\/","article_modified_time":"2026-01-29T03:37:48+00:00","og_image":[{"url":"https:\/\/pasteurstreet.com\/wp-content\/uploads\/MENU-HOANG-SA-images-1.jpg","type":"","width":"","height":""}],"twitter_card":"summary_large_image","schema":{"@context":"https:\/\/schema.org","@graph":[{"@type":"WebPage","@id":"https:\/\/pasteurstreet.com\/vi\/pasteur-street-menu\/","url":"https:\/\/pasteurstreet.com\/vi\/pasteur-street-menu\/","name":"Th\u1ef1c \u0111\u01a1n - Pasteur Street Craft Beer | Bia Th\u1ee7 C\u00f4ng Ti\u00ean Phong T\u1ea1i Vi\u1ec7t Nam","isPartOf":{"@id":"https:\/\/pasteurstreet.com\/vi\/#website"},"primaryImageOfPage":{"@id":"https:\/\/pasteurstreet.com\/vi\/pasteur-street-menu\/#primaryimage"},"image":{"@id":"https:\/\/pasteurstreet.com\/vi\/pasteur-street-menu\/#primaryimage"},"thumbnailUrl":"https:\/\/pasteurstreet.com\/wp-content\/uploads\/MENU-HOANG-SA-images-1.jpg","datePublished":"2017-10-25T09:10:04+00:00","dateModified":"2026-01-29T03:37:48+00:00","description":"Xem ngay th\u1ef1c \u0111\u01a1n t\u1ea1i Taproom c\u1ee7a ch\u00fang t\u00f4i! Li\u00ean h\u1ec7 tr\u01b0\u1edbc v\u1edbi Taproom b\u1ea1n s\u1ebd gh\u00e9 \u0111\u1ebfn n\u1ebfu b\u1ea1n c\u1ea7n b\u1ea3n th\u1ef1c \u0111\u01a1n ch\u00ednh x\u00e1c nh\u1ea5t.","breadcrumb":{"@id":"https:\/\/pasteurstreet.com\/vi\/pasteur-street-menu\/#breadcrumb"},"inLanguage":"vi","potentialAction":[{"@type":"ReadAction","target":["https:\/\/pasteurstreet.com\/vi\/pasteur-street-menu\/"]}]},{"@type":"ImageObject","inLanguage":"vi","@id":"https:\/\/pasteurstreet.com\/vi\/pasteur-street-menu\/#primaryimage","url":"https:\/\/pasteurstreet.com\/wp-content\/uploads\/MENU-HOANG-SA-images-1.jpg","contentUrl":"https:\/\/pasteurstreet.com\/wp-content\/uploads\/MENU-HOANG-SA-images-1.jpg"},{"@type":"BreadcrumbList","@id":"https:\/\/pasteurstreet.com\/vi\/pasteur-street-menu\/#breadcrumb","itemListElement":[{"@type":"ListItem","position":1,"name":"Home","item":"https:\/\/pasteurstreet.com\/vi\/"},{"@type":"ListItem","position":2,"name":"Th\u1ef1c \u0111\u01a1n"}]},{"@type":"WebSite","@id":"https:\/\/pasteurstreet.com\/vi\/#website","url":"https:\/\/pasteurstreet.com\/vi\/","name":"Pasteur Street Craft Beer | Bia Th\u1ee7 C\u00f4ng Ti\u00ean Phong T\u1ea1i Vi\u1ec7t Nam","description":"","publisher":{"@id":"https:\/\/pasteurstreet.com\/vi\/#organization"},"potentialAction":[{"@type":"SearchAction","target":{"@type":"EntryPoint","urlTemplate":"https:\/\/pasteurstreet.com\/vi\/?s={search_term_string}"},"query-input":{"@type":"PropertyValueSpecification","valueRequired":true,"valueName":"search_term_string"}}],"inLanguage":"vi"},{"@type":"Organization","@id":"https:\/\/pasteurstreet.com\/vi\/#organization","name":"Pasteur Street Brewing Company","url":"https:\/\/pasteurstreet.com\/vi\/","logo":{"@type":"ImageObject","inLanguage":"vi","@id":"https:\/\/pasteurstreet.com\/vi\/#\/schema\/logo\/image\/","url":"https:\/\/pasteurstreet.com\/wp-content\/uploads\/logo-home.png","contentUrl":"https:\/\/pasteurstreet.com\/wp-content\/uploads\/logo-home.png","width":292,"height":293,"caption":"Pasteur Street Brewing Company"},"image":{"@id":"https:\/\/pasteurstreet.com\/vi\/#\/schema\/logo\/image\/"},"sameAs":["https:\/\/www.facebook.com\/PasteurStreetBrewing\/","https:\/\/www.instagram.com\/pasteurstreetbrewing\/","https:\/\/www.linkedin.com\/company\/pasteur-street-brewing-company","https:\/\/www.pinterest.com\/pasteurstreetbrewingco\/","https:\/\/www.youtube.com\/channel\/UC_xPy7HTsecZ4CrGwArhuQQ"]}]}},"_links":{"self":[{"href":"https:\/\/pasteurstreet.com\/vi\/wp-json\/wp\/v2\/pages\/10453","targetHints":{"allow":["GET"]}}],"collection":[{"href":"https:\/\/pasteurstreet.com\/vi\/wp-json\/wp\/v2\/pages"}],"about":[{"href":"https:\/\/pasteurstreet.com\/vi\/wp-json\/wp\/v2\/types\/page"}],"author":[{"embeddable":true,"href":"https:\/\/pasteurstreet.com\/vi\/wp-json\/wp\/v2\/users\/3"}],"replies":[{"embeddable":true,"href":"https:\/\/pasteurstreet.com\/vi\/wp-json\/wp\/v2\/comments?post=10453"}],"version-history":[{"count":1,"href":"https:\/\/pasteurstreet.com\/vi\/wp-json\/wp\/v2\/pages\/10453\/revisions"}],"predecessor-version":[{"id":10462,"href":"https:\/\/pasteurstreet.com\/vi\/wp-json\/wp\/v2\/pages\/10453\/revisions\/10462"}],"wp:attachment":[{"href":"https:\/\/pasteurstreet.com\/vi\/wp-json\/wp\/v2\/media?parent=10453"}],"curies":[{"name":"wp","href":"https:\/\/api.w.org\/{rel}","templated":true}]}}